{"id":588,"date":"2023-03-23T11:50:17","date_gmt":"2023-03-23T14:50:17","guid":{"rendered":"http:\/\/agroniloitba.com.br\/?page_id=588"},"modified":"2023-03-29T22:53:49","modified_gmt":"2023-03-30T01:53:49","slug":"pagina-principal-cloned-67","status":"publish","type":"page","link":"http:\/\/agroniloitba.com.br\/?page_id=588","title":{"rendered":"Licenciamento Ambiental"},"content":{"rendered":"\t\t<div data-elementor-type=\"wp-page\" data-elementor-id=\"588\" class=\"elementor elementor-588\">\n\t\t\t\t\t\t\t\t\t<section class=\"elementor-section elementor-top-section elementor-element elementor-element-e81bfd4 elementor-section-height-min-height elementor-section-items-stretch elementor-section-content-middle elementor-section-boxed elementor-section-height-default\" data-id=\"e81bfd4\" data-element_type=\"section\" data-settings=\"{&quot;background_background&quot;:&quot;gradient&quot;,&quot;_ha_eqh_enable&quot;:false}\">\n\t\t\t\t\t\t\t<div class=\"elementor-background-overlay\"><\/div>\n\t\t\t\t\t\t\t<div class=\"elementor-container elementor-column-gap-default\">\n\t\t\t\t\t<div class=\"elementor-column elementor-col-100 elementor-top-column elementor-element elementor-element-ad78cc5\" data-id=\"ad78cc5\" data-element_type=\"column\" data-settings=\"{&quot;background_background&quot;:&quot;slideshow&quot;,&quot;background_slideshow_gallery&quot;:[],&quot;background_slideshow_loop&quot;:&quot;yes&quot;,&quot;background_slideshow_slide_duration&quot;:5000,&quot;background_slideshow_slide_transition&quot;:&quot;fade&quot;,&quot;background_slideshow_transition_duration&quot;:500}\">\n\t\t\t<div class=\"elementor-widget-wrap elementor-element-populated\">\n\t\t\t\t\t\t\t\t<div class=\"elementor-element elementor-element-e9c33c1 elementor-widget__width-inherit elementor-widget elementor-widget-heading\" data-id=\"e9c33c1\" data-element_type=\"widget\" data-widget_type=\"heading.default\">\n\t\t\t\t<div class=\"elementor-widget-container\">\n\t\t\t<style>\/*! elementor - v3.11.1 - 15-02-2023 *\/\n.elementor-heading-title{padding:0;margin:0;line-height:1}.elementor-widget-heading .elementor-heading-title[class*=elementor-size-]>a{color:inherit;font-size:inherit;line-height:inherit}.elementor-widget-heading .elementor-heading-title.elementor-size-small{font-size:15px}.elementor-widget-heading .elementor-heading-title.elementor-size-medium{font-size:19px}.elementor-widget-heading .elementor-heading-title.elementor-size-large{font-size:29px}.elementor-widget-heading .elementor-heading-title.elementor-size-xl{font-size:39px}.elementor-widget-heading .elementor-heading-title.elementor-size-xxl{font-size:59px}<\/style><h2 class=\"elementor-heading-title elementor-size-default\">LICENCIAMENTO AMBIENTAL<\/h2>\t\t<\/div>\n\t\t\t\t<\/div>\n\t\t\t\t\t<\/div>\n\t\t<\/div>\n\t\t\t\t\t\t\t<\/div>\n\t\t<\/section>\n\t\t\t\t<section class=\"elementor-section elementor-top-section elementor-element elementor-element-3fb44d5 elementor-section-boxed elementor-section-height-default elementor-section-height-default\" data-id=\"3fb44d5\" data-element_type=\"section\" data-settings=\"{&quot;background_background&quot;:&quot;classic&quot;,&quot;_ha_eqh_enable&quot;:false}\">\n\t\t\t\t\t\t<div class=\"elementor-container elementor-column-gap-no\">\n\t\t\t\t\t<div class=\"elementor-column elementor-col-50 elementor-top-column elementor-element elementor-element-8293deb\" data-id=\"8293deb\" data-element_type=\"column\">\n\t\t\t<div class=\"elementor-widget-wrap elementor-element-populated\">\n\t\t\t\t\t\t\t\t<div class=\"elementor-element elementor-element-d4ac8bc elementor-widget elementor-widget-heading\" data-id=\"d4ac8bc\" data-element_type=\"widget\" data-widget_type=\"heading.default\">\n\t\t\t\t<div class=\"elementor-widget-container\">\n\t\t\t<h1 class=\"elementor-heading-title elementor-size-default\">\u2022 Licen\u00e7as Ambientais Municipais, Estaduais e Federais\n<\/h1>\t\t<\/div>\n\t\t\t\t<\/div>\n\t\t\t\t<div class=\"elementor-element elementor-element-06b7bf8 elementor-widget elementor-widget-heading\" data-id=\"06b7bf8\" data-element_type=\"widget\" data-widget_type=\"heading.default\">\n\t\t\t\t<div class=\"elementor-widget-container\">\n\t\t\t<h2 class=\"elementor-heading-title elementor-size-default\">- Licenciamento Ambiental Trif\u00e1sico \u2013 LAT\n<br>- Licenciamento Ambiental Concomitante \u2013 LAC\n<br>- Licenciamento Ambiental Simplificado \u2013 LAS\n<br><\/h2>\t\t<\/div>\n\t\t\t\t<\/div>\n\t\t\t\t<div class=\"elementor-element elementor-element-85843f7 elementor-widget elementor-widget-heading\" data-id=\"85843f7\" data-element_type=\"widget\" data-widget_type=\"heading.default\">\n\t\t\t\t<div class=\"elementor-widget-container\">\n\t\t\t<h1 class=\"elementor-heading-title elementor-size-default\">\u2022 Cadastro T\u00e9cnico Federal (CTF) junto ao IBAMA\n\n<\/h1>\t\t<\/div>\n\t\t\t\t<\/div>\n\t\t\t\t<div class=\"elementor-element elementor-element-39d8340 elementor-widget elementor-widget-heading\" data-id=\"39d8340\" data-element_type=\"widget\" data-widget_type=\"heading.default\">\n\t\t\t\t<div class=\"elementor-widget-container\">\n\t\t\t<h1 class=\"elementor-heading-title elementor-size-default\">\u2022 Autoriza\u00e7\u00f5es e Certid\u00f5es Ambientais Municipais, Estaduais e Federais\n<\/h1>\t\t<\/div>\n\t\t\t\t<\/div>\n\t\t\t\t\t<\/div>\n\t\t<\/div>\n\t\t\t\t<div class=\"elementor-column elementor-col-50 elementor-top-column elementor-element elementor-element-e2c319f\" data-id=\"e2c319f\" data-element_type=\"column\">\n\t\t\t<div class=\"elementor-widget-wrap elementor-element-populated\">\n\t\t\t\t\t\t\t\t<div class=\"elementor-element elementor-element-388f7d5 elementor-widget__width-inherit elementor-widget elementor-widget-image\" data-id=\"388f7d5\" data-element_type=\"widget\" data-widget_type=\"image.default\">\n\t\t\t\t<div class=\"elementor-widget-container\">\n\t\t\t<style>\/*! elementor - v3.11.1 - 15-02-2023 *\/\n.elementor-widget-image{text-align:center}.elementor-widget-image a{display:inline-block}.elementor-widget-image a img[src$=\".svg\"]{width:48px}.elementor-widget-image img{vertical-align:middle;display:inline-block}<\/style>\t\t\t\t\t\t\t\t\t\t\t\t<img loading=\"lazy\" decoding=\"async\" width=\"1500\" height=\"1500\" src=\"http:\/\/agroniloitba.com.br\/wp-content\/uploads\/2023\/03\/Cartao-Avalie-nossa-empresa-Deixe-sua-avaliacao-Google-Maps-e-Meu-Negocio.png\" class=\"attachment-post-thumbnail size-post-thumbnail wp-image-612\" alt=\"\" srcset=\"http:\/\/agroniloitba.com.br\/wp-content\/uploads\/2023\/03\/Cartao-Avalie-nossa-empresa-Deixe-sua-avaliacao-Google-Maps-e-Meu-Negocio.png 1500w, http:\/\/agroniloitba.com.br\/wp-content\/uploads\/2023\/03\/Cartao-Avalie-nossa-empresa-Deixe-sua-avaliacao-Google-Maps-e-Meu-Negocio-300x300.png 300w, http:\/\/agroniloitba.com.br\/wp-content\/uploads\/2023\/03\/Cartao-Avalie-nossa-empresa-Deixe-sua-avaliacao-Google-Maps-e-Meu-Negocio-1024x1024.png 1024w, http:\/\/agroniloitba.com.br\/wp-content\/uploads\/2023\/03\/Cartao-Avalie-nossa-empresa-Deixe-sua-avaliacao-Google-Maps-e-Meu-Negocio-150x150.png 150w, http:\/\/agroniloitba.com.br\/wp-content\/uploads\/2023\/03\/Cartao-Avalie-nossa-empresa-Deixe-sua-avaliacao-Google-Maps-e-Meu-Negocio-768x768.png 768w\" sizes=\"auto, (max-width: 1500px) 100vw, 1500px\" style=\"width:100%;height:100%;max-width:1500px\" \/>\t\t\t\t\t\t\t\t\t\t\t\t\t\t\t<\/div>\n\t\t\t\t<\/div>\n\t\t\t\t\t<\/div>\n\t\t<\/div>\n\t\t\t\t\t\t\t<\/div>\n\t\t<\/section>\n\t\t\t\t\t\t\t<\/div>\n\t\t","protected":false},"excerpt":{"rendered":"<p>LICENCIAMENTO AMBIENTAL \u2022 Licen\u00e7as Ambientais Municipais, Estaduais e Federais &#8211; Licenciamento Ambiental Trif\u00e1sico \u2013 LAT &#8211; Licenciamento Ambiental Concomitante \u2013 LAC &#8211; Licenciamento Ambiental Simplificado \u2013 LAS \u2022 Cadastro T\u00e9cnico Federal (CTF) junto ao IBAMA \u2022 Autoriza\u00e7\u00f5es e Certid\u00f5es Ambientais Municipais, Estaduais e Federais<\/p>\n","protected":false},"author":1,"featured_media":0,"parent":0,"menu_order":0,"comment_status":"closed","ping_status":"closed","template":"elementor_header_footer","meta":{"footnotes":""},"class_list":["post-588","page","type-page","status-publish","hentry","entry"],"_links":{"self":[{"href":"http:\/\/agroniloitba.com.br\/index.php?rest_route=\/wp\/v2\/pages\/588","targetHints":{"allow":["GET"]}}],"collection":[{"href":"http:\/\/agroniloitba.com.br\/index.php?rest_route=\/wp\/v2\/pages"}],"about":[{"href":"http:\/\/agroniloitba.com.br\/index.php?rest_route=\/wp\/v2\/types\/page"}],"author":[{"embeddable":true,"href":"http:\/\/agroniloitba.com.br\/index.php?rest_route=\/wp\/v2\/users\/1"}],"replies":[{"embeddable":true,"href":"http:\/\/agroniloitba.com.br\/index.php?rest_route=%2Fwp%2Fv2%2Fcomments&post=588"}],"version-history":[{"count":34,"href":"http:\/\/agroniloitba.com.br\/index.php?rest_route=\/wp\/v2\/pages\/588\/revisions"}],"predecessor-version":[{"id":746,"href":"http:\/\/agroniloitba.com.br\/index.php?rest_route=\/wp\/v2\/pages\/588\/revisions\/746"}],"wp:attachment":[{"href":"http:\/\/agroniloitba.com.br\/index.php?rest_route=%2Fwp%2Fv2%2Fmedia&parent=588"}],"curies":[{"name":"wp","href":"https:\/\/api.w.org\/{rel}","templated":true}]}}